{"id":4499,"date":"2026-04-12T13:46:33","date_gmt":"2026-04-12T13:46:33","guid":{"rendered":"https:\/\/myibizascooter.com\/rent-a-car-in-ibiza-town\/"},"modified":"2026-04-13T12:24:23","modified_gmt":"2026-04-13T12:24:23","slug":"rent-a-car-ibiza-town","status":"publish","type":"page","link":"https:\/\/myibizascooter.com\/it\/rent-a-car-ibiza-town\/","title":{"rendered":"Noleggio Auto a Ibiza Citt\u00e0"},"content":{"rendered":"<div data-elementor-type=\"wp-page\" data-elementor-id=\"4499\" class=\"elementor elementor-4499\">\n\t\t\t\t<div class=\"elementor-element elementor-element-517b9c3e e-flex e-con-boxed e-con e-parent\" data-id=\"517b9c3e\" data-element_type=\"container\" data-e-type=\"container\">\n\t\t\t\t\t<div class=\"e-con-inner\">\n\t\t\t\t<div class=\"elementor-element elementor-element-7539642b elementor-widget elementor-widget-text-editor\" data-id=\"7539642b\" data-element_type=\"widget\" data-e-type=\"widget\" data-widget_type=\"text-editor.default\">\n\t\t\t\t<div class=\"elementor-widget-container\">\n\t\t\t\t\t\t\t\t\t<p>Noleggia la tua auto a Ibiza citt\u00e0 in modo facile, veloce e senza costi nascosti. Approfitta di un'assicurazione completa, due conducenti inclusi e una procedura di prenotazione semplice. Scopri Ibiza in totale libert\u00e0 e comfort.<\/p><ul><li><strong>Nessun costo nascosto<\/strong><\/li><li><strong>Seguro a todo riesgo incluido<\/strong><\/li><li><strong>2 conduttori inclusi<\/strong><\/li><li><strong>Ritiro facile in citt\u00e0 Ibiza<\/strong><\/li><li><strong>Miglior prezzo garantito<\/strong><\/li><\/ul><p>Attivit\u00e0 fiduciaria locale a Ibiza<\/p>\t\t\t\t\t\t\t\t<\/div>\n\t\t\t\t<\/div>\n\t\t\t\t<div class=\"elementor-element elementor-element-5f6296e elementor-widget elementor-widget-button\" data-id=\"5f6296e\" data-element_type=\"widget\" data-e-type=\"widget\" data-widget_type=\"button.default\">\n\t\t\t\t<div class=\"elementor-widget-container\">\n\t\t\t\t\t\t\t\t\t<div class=\"elementor-button-wrapper\">\n\t\t\t\t\t<a class=\"elementor-button elementor-button-link elementor-size-sm\" href=\"https:\/\/myibizascooter.com\/it\/\" id=\"BOOK\">\n\t\t\t\t\t\t<span class=\"elementor-button-content-wrapper\">\n\t\t\t\t\t\t\t\t\t<span class=\"elementor-button-text\">BOOK NOW<\/span>\n\t\t\t\t\t<\/span>\n\t\t\t\t\t<\/a>\n\t\t\t\t<\/div>\n\t\t\t\t\t\t\t\t<\/div>\n\t\t\t\t<\/div>\n\t\t\t\t<div class=\"elementor-element elementor-element-dc297c8 elementor-widget elementor-widget-ibiza_car_rental_image_4494\" data-id=\"dc297c8\" data-element_type=\"widget\" data-e-type=\"widget\" data-widget_type=\"ibiza_car_rental_image_4494.default\">\n\t\t\t\t<div class=\"elementor-widget-container\">\n\t\t\t\t\t\t\t<div class=\"ibiza-car-rental-wrapper-4494\">\n\t\t\t<img data-recalc-dims=\"1\" decoding=\"async\" class=\"ibiza-car-rental-image-4494\" src=\"https:\/\/i0.wp.com\/myibizascooter.com\/wp-content\/uploads\/2026\/04\/WhatsApp-Image-2026-04-12-at-15.47.01.jpg?ssl=1\" alt=\"Ibiza Car Rental\">\n\t\t<\/div>\n\t\t\t\t\t\t<\/div>\n\t\t\t\t<\/div>\n\t\t\t\t\t<\/div>\n\t\t\t\t<\/div>\n\t\t<div class=\"elementor-element elementor-element-54d9f76 e-flex e-con-boxed e-con e-parent\" data-id=\"54d9f76\" data-element_type=\"container\" data-e-type=\"container\">\n\t\t\t\t\t<div class=\"e-con-inner\">\n\t\t\t\t<div class=\"elementor-element elementor-element-a76270c elementor-widget elementor-widget-text-editor\" data-id=\"a76270c\" data-element_type=\"widget\" data-e-type=\"widget\" data-widget_type=\"text-editor.default\">\n\t\t\t\t<div class=\"elementor-widget-container\">\n\t\t\t\t\t\t\t\t\t<p>\u2605\u2605\u2605\u2605\u2605Servizio eccellente, prenotazione facile e nessuna spesa nascosta<\/p><p>\u2605\u2605\u2605\u2605\u2605 &gt;Il miglior autonoleggio a Ibiza, altamente raccomandato<\/p><p>\u2605\u2605\u2605\u2605\u2605 Veloce, cordiale e professionale<\/p>\t\t\t\t\t\t\t\t<\/div>\n\t\t\t\t<\/div>\n\t\t\t\t\t<\/div>\n\t\t\t\t<\/div>\n\t\t<div class=\"elementor-element elementor-element-51c7aa0 e-flex e-con-boxed e-con e-parent\" data-id=\"51c7aa0\" data-element_type=\"container\" data-e-type=\"container\">\n\t\t\t\t\t<div class=\"e-con-inner\">\n\t\t\t\t<div class=\"elementor-element elementor-element-6a78e77 elementor-widget elementor-widget-heading\" data-id=\"6a78e77\" data-element_type=\"widget\" data-e-type=\"widget\" data-widget_type=\"heading.default\">\n\t\t\t\t<div class=\"elementor-widget-container\">\n\t\t\t\t\t<h2 class=\"elementor-heading-title elementor-size-default\">Cerchi la migliore auto a noleggio a Ibiza citt\u00e0?\n\nDa My Ibiza Scooter, offriamo un servizio di noleggio auto semplice e trasparente, senza costi nascosti. Il nostro servizio di noleggio auto a Ibiza \u00e8 perfetto per esplorare l'isola in totale libert\u00e0.\n\nChe tu abbia bisogno di un'auto piccola per la citt\u00e0 o di un veicolo confortevole per viaggi pi\u00f9 lunghi, il nostro servizio di noleggio auto a Ibiza offre flessibilit\u00e0, sicurezza e il miglior rapporto qualit\u00e0-prezzo.\n\nPrenota oggi stesso la tua auto a Ibiza citt\u00e0 e goditi la tua vacanza senza limiti.<\/h2>\t\t\t\t<\/div>\n\t\t\t\t<\/div>\n\t\t\t\t\t<\/div>\n\t\t\t\t<\/div>\n\t\t\t\t<\/div>","protected":false},"excerpt":{"rendered":"<p>Alquila tu coche en Ibiza ciudad de forma f\u00e1cil, r\u00e1pida y sin cargos ocultos. Disfruta de seguro a todo riesgo, dos conductores incluidos y un proceso de reserva sencillo. Descubre Ibiza con total libertad y comodidad. Sin tarifas ocultas Seguro a todo riesgo incluido 2 Conductores incluidos Facil recogida en Ibiza cuidad Mejor Precio Garantizado&#8230;<\/p>","protected":false},"author":1,"featured_media":0,"parent":0,"menu_order":0,"comment_status":"closed","ping_status":"closed","template":"","meta":{"_acf_changed":false,"nf_dc_page":"","_angie_page":false,"om_disable_all_campaigns":false,"footnotes":""},"class_list":["post-4499","page","type-page","status-publish","hentry"],"acf":[],"jetpack_sharing_enabled":true,"_links":{"self":[{"href":"https:\/\/myibizascooter.com\/it\/wp-json\/wp\/v2\/pages\/4499","targetHints":{"allow":["GET"]}}],"collection":[{"href":"https:\/\/myibizascooter.com\/it\/wp-json\/wp\/v2\/pages"}],"about":[{"href":"https:\/\/myibizascooter.com\/it\/wp-json\/wp\/v2\/types\/page"}],"author":[{"embeddable":true,"href":"https:\/\/myibizascooter.com\/it\/wp-json\/wp\/v2\/users\/1"}],"replies":[{"embeddable":true,"href":"https:\/\/myibizascooter.com\/it\/wp-json\/wp\/v2\/comments?post=4499"}],"version-history":[{"count":20,"href":"https:\/\/myibizascooter.com\/it\/wp-json\/wp\/v2\/pages\/4499\/revisions"}],"predecessor-version":[{"id":4547,"href":"https:\/\/myibizascooter.com\/it\/wp-json\/wp\/v2\/pages\/4499\/revisions\/4547"}],"wp:attachment":[{"href":"https:\/\/myibizascooter.com\/it\/wp-json\/wp\/v2\/media?parent=4499"}],"curies":[{"name":"wp","href":"https:\/\/api.w.org\/{rel}","templated":true}]}}