{"id":4555,"date":"2026-04-15T11:06:52","date_gmt":"2026-04-15T11:06:52","guid":{"rendered":"https:\/\/myibizascooter.com\/?page_id=4555"},"modified":"2026-04-19T13:03:30","modified_gmt":"2026-04-19T13:03:30","slug":"scooter-rental-in-ibiza-town","status":"publish","type":"page","link":"https:\/\/myibizascooter.com\/fr\/scooter-rental-in-ibiza-town\/","title":{"rendered":"Location de scooter \u00e0 Ibiza"},"content":{"rendered":"<div data-elementor-type=\"wp-page\" data-elementor-id=\"4555\" class=\"elementor elementor-4555\">\n\t\t\t\t<div class=\"elementor-element elementor-element-1b8dc0a e-flex e-con-boxed e-con e-parent\" data-id=\"1b8dc0a\" data-element_type=\"container\" data-e-type=\"container\">\n\t\t\t\t\t<div class=\"e-con-inner\">\n\t\t\t\t<div class=\"elementor-element elementor-element-73c3fe1 elementor-widget elementor-widget-heading\" data-id=\"73c3fe1\" data-element_type=\"widget\" data-e-type=\"widget\" data-widget_type=\"heading.default\">\n\t\t\t\t<div class=\"elementor-widget-container\">\n\t\t\t\t\t<h2 class=\"elementor-heading-title elementor-size-default\">Location de scooter \u00e0 Ibiza, Le moyen le plus simple de d\u00e9couvrir Ibiza<\/h2>\t\t\t\t<\/div>\n\t\t\t\t<\/div>\n\t\t\t\t<div class=\"elementor-element elementor-element-b694f26 elementor-widget elementor-widget-button\" data-id=\"b694f26\" data-element_type=\"widget\" data-e-type=\"widget\" data-widget_type=\"button.default\">\n\t\t\t\t<div class=\"elementor-widget-container\">\n\t\t\t\t\t\t\t\t\t<div class=\"elementor-button-wrapper\">\n\t\t\t\t\t<a class=\"elementor-button elementor-button-link elementor-size-sm\" href=\"https:\/\/wa.me\/34640531448\" target=\"_blank\" rel=\"noopener\">\n\t\t\t\t\t\t<span class=\"elementor-button-content-wrapper\">\n\t\t\t\t\t\t\t\t\t<span class=\"elementor-button-text\">Contact on WhatsApp<\/span>\n\t\t\t\t\t<\/span>\n\t\t\t\t\t<\/a>\n\t\t\t\t<\/div>\n\t\t\t\t\t\t\t\t<\/div>\n\t\t\t\t<\/div>\n\t\t\t\t\t<\/div>\n\t\t\t\t<\/div>\n\t\t<div class=\"elementor-element elementor-element-6e6c4e5 e-con-full e-flex e-con e-parent\" data-id=\"6e6c4e5\" data-element_type=\"container\" data-e-type=\"container\">\n\t\t\t\t<div class=\"elementor-element elementor-element-d63f0ad elementor-widget elementor-widget-image\" data-id=\"d63f0ad\" data-element_type=\"widget\" data-e-type=\"widget\" data-widget_type=\"image.default\">\n\t\t\t\t<div class=\"elementor-widget-container\">\n\t\t\t\t\t\t\t\t\t\t\t\t\t\t\t<img decoding=\"async\" width=\"941\" height=\"1672\" src=\"https:\/\/i0.wp.com\/myibizascooter.com\/wp-content\/uploads\/2026\/04\/rent-scooter-mobil.png?fit=941%2C1672&amp;ssl=1\" class=\"attachment-full size-full wp-image-4610\" alt=\"rent scooter ibiza\" srcset=\"https:\/\/i0.wp.com\/myibizascooter.com\/wp-content\/uploads\/2026\/04\/rent-scooter-mobil.png?w=941&amp;ssl=1 941w, https:\/\/i0.wp.com\/myibizascooter.com\/wp-content\/uploads\/2026\/04\/rent-scooter-mobil.png?resize=169%2C300&amp;ssl=1 169w, https:\/\/i0.wp.com\/myibizascooter.com\/wp-content\/uploads\/2026\/04\/rent-scooter-mobil.png?resize=576%2C1024&amp;ssl=1 576w, https:\/\/i0.wp.com\/myibizascooter.com\/wp-content\/uploads\/2026\/04\/rent-scooter-mobil.png?resize=7%2C12&amp;ssl=1 7w, https:\/\/i0.wp.com\/myibizascooter.com\/wp-content\/uploads\/2026\/04\/rent-scooter-mobil.png?resize=255%2C453&amp;ssl=1 255w, https:\/\/i0.wp.com\/myibizascooter.com\/wp-content\/uploads\/2026\/04\/rent-scooter-mobil.png?resize=510%2C906&amp;ssl=1 510w, https:\/\/i0.wp.com\/myibizascooter.com\/wp-content\/uploads\/2026\/04\/rent-scooter-mobil.png?resize=280%2C498&amp;ssl=1 280w, https:\/\/i0.wp.com\/myibizascooter.com\/wp-content\/uploads\/2026\/04\/rent-scooter-mobil.png?resize=560%2C995&amp;ssl=1 560w, https:\/\/i0.wp.com\/myibizascooter.com\/wp-content\/uploads\/2026\/04\/rent-scooter-mobil.png?resize=350%2C622&amp;ssl=1 350w, https:\/\/i0.wp.com\/myibizascooter.com\/wp-content\/uploads\/2026\/04\/rent-scooter-mobil.png?resize=700%2C1244&amp;ssl=1 700w, https:\/\/i0.wp.com\/myibizascooter.com\/wp-content\/uploads\/2026\/04\/rent-scooter-mobil.png?resize=398%2C707&amp;ssl=1 398w, https:\/\/i0.wp.com\/myibizascooter.com\/wp-content\/uploads\/2026\/04\/rent-scooter-mobil.png?resize=796%2C1414&amp;ssl=1 796w, https:\/\/i0.wp.com\/myibizascooter.com\/wp-content\/uploads\/2026\/04\/rent-scooter-mobil.png?resize=600%2C1066&amp;ssl=1 600w\" sizes=\"(max-width: 941px) 100vw, 941px\" \/>\t\t\t\t\t\t\t\t\t\t\t\t\t\t\t<\/div>\n\t\t\t\t<\/div>\n\t\t\t\t<\/div>\n\t\t<div class=\"elementor-element elementor-element-fc9201a e-flex e-con-boxed e-con e-parent\" data-id=\"fc9201a\" data-element_type=\"container\" data-e-type=\"container\">\n\t\t\t\t\t<div class=\"e-con-inner\">\n\t\t\t\t<div class=\"elementor-element elementor-element-35fb181 elementor-widget elementor-widget-heading\" data-id=\"35fb181\" data-element_type=\"widget\" data-e-type=\"widget\" data-widget_type=\"heading.default\">\n\t\t\t\t<div class=\"elementor-widget-container\">\n\t\t\t\t\t<h2 class=\"elementor-heading-title elementor-size-default\">Facile \u00e0 garer \u00b7 Prix \u00e9conomique \u00b7 Id\u00e9al pour la plage\n\nVous cherchez \u00e0 louer un scooter \u00e0 Ibiza ?\nNotre service de location de scooter \u00e0 Ibiza est le meilleur moyen de se d\u00e9placer sur l\u2019\u00eele rapidement et facilement. \u00c9vitez le trafic, garez-vous facilement et d\u00e9couvrez des plages cach\u00e9es.\n\nLouez votre scooter \u00e0 Ibiza d\u00e8s aujourd\u2019hui et profitez d\u2019une totale libert\u00e9.<\/h2>\t\t\t\t<\/div>\n\t\t\t\t<\/div>\n\t\t\t\t\t<\/div>\n\t\t\t\t<\/div>\n\t\t<div class=\"elementor-element elementor-element-bafd1b9 e-flex e-con-boxed e-con e-parent\" data-id=\"bafd1b9\" data-element_type=\"container\" data-e-type=\"container\">\n\t\t\t\t\t<div class=\"e-con-inner\">\n\t\t\t\t<div class=\"elementor-element elementor-element-dc0b3c1 elementor-widget elementor-widget-heading\" data-id=\"dc0b3c1\" data-element_type=\"widget\" data-e-type=\"widget\" data-widget_type=\"heading.default\">\n\t\t\t\t<div class=\"elementor-widget-container\">\n\t\t\t\t\t<h2 class=\"elementor-heading-title elementor-size-default\">Mod\u00e8les de scooters en location \u00e0 Ibiza<\/h2>\t\t\t\t<\/div>\n\t\t\t\t<\/div>\n\t\t<div class=\"elementor-element elementor-element-b7e15c1 e-con-full e-flex e-con e-child\" data-id=\"b7e15c1\" data-element_type=\"container\" data-e-type=\"container\">\n\t\t\t\t<div class=\"elementor-element elementor-element-6f88352 elementor-widget elementor-widget-heading\" data-id=\"6f88352\" data-element_type=\"widget\" data-e-type=\"widget\" data-widget_type=\"heading.default\">\n\t\t\t\t<div class=\"elementor-widget-container\">\n\t\t\t\t\t<h2 class=\"elementor-heading-title elementor-size-default\">Location de scooters et Vespa \u00e0 Ibiza avec tout inclus, sans surprises et avec les meilleures conditions pour profiter de l\u2019\u00eele.\n\n\n<\/h2>\t\t\t\t<\/div>\n\t\t\t\t<\/div>\n\t\t<div class=\"elementor-element elementor-element-4db4676 e-con-full e-flex e-con e-child\" data-id=\"4db4676\" data-element_type=\"container\" data-e-type=\"container\">\n\t\t\t\t<div class=\"elementor-element elementor-element-e7eee4c elementor-widget elementor-widget-heading\" data-id=\"e7eee4c\" data-element_type=\"widget\" data-e-type=\"widget\" data-widget_type=\"heading.default\">\n\t\t\t\t<div class=\"elementor-widget-container\">\n\t\t\t\t\t<h2 class=\"elementor-heading-title elementor-size-default\">\u2714 2 casques inclus pour tous les mod\u00e8les\n\u2714 Top case pour un deuxi\u00e8me casque\n\u2714 Assurance incluse avec franchise de 300\u20ac\n\u2714 2 conducteurs inclus\n\u2714 Carburant plein\/plein\n\u2714 Location de scooter \u00e0 Ibiza sans frais cach\u00e9s\n\u2714 \u00c2ge minimum : 19 ans\n\u2714 D\u00e9p\u00f4t \u00e0 partir de 150\u20ac selon le mod\u00e8le  <\/h2>\t\t\t\t<\/div>\n\t\t\t\t<\/div>\n\t\t\t\t<\/div>\n\t\t\t\t<\/div>\n\t\t\t\t\t<\/div>\n\t\t\t\t<\/div>\n\t\t<div class=\"elementor-element elementor-element-171d9d3 e-flex e-con-boxed e-con e-parent\" data-id=\"171d9d3\" data-element_type=\"container\" data-e-type=\"container\">\n\t\t\t\t\t<div class=\"e-con-inner\">\n\t\t\t\t<div class=\"elementor-element elementor-element-b20bd36 elementor-widget elementor-widget-heading\" data-id=\"b20bd36\" data-element_type=\"widget\" data-e-type=\"widget\" data-widget_type=\"heading.default\">\n\t\t\t\t<div class=\"elementor-widget-container\">\n\t\t\t\t\t<h2 class=\"elementor-heading-title elementor-size-default\">Tout est inclus dans votre location de scooter \u00e0 Ibiza : 2 casques, top case, assurance avec franchise de 300\u20ac, 2 conducteurs inclus, carburant plein\/plein et aucun frais cach\u00e9. R\u00e9servation simple et rapide.<\/h2>\t\t\t\t<\/div>\n\t\t\t\t<\/div>\n\t\t\t\t\t<\/div>\n\t\t\t\t<\/div>\n\t\t<div class=\"elementor-element elementor-element-f0cb7db e-con-full e-flex e-con e-parent\" data-id=\"f0cb7db\" data-element_type=\"container\" data-e-type=\"container\">\n\t\t\t\t<div class=\"elementor-element elementor-element-f3fc302 elementor-widget__width-inherit elementor-widget elementor-widget-image\" data-id=\"f3fc302\" data-element_type=\"widget\" data-e-type=\"widget\" data-widget_type=\"image.default\">\n\t\t\t\t<div class=\"elementor-widget-container\">\n\t\t\t\t\t\t\t\t\t\t\t\t\t\t\t<img decoding=\"async\" width=\"1024\" height=\"1536\" src=\"https:\/\/i0.wp.com\/myibizascooter.com\/wp-content\/uploads\/2026\/04\/rent-scooter-ibiza-models-phone.png?fit=1024%2C1536&amp;ssl=1\" class=\"attachment-full size-full wp-image-4625\" alt=\"rent a scooter ibiza models\" srcset=\"https:\/\/i0.wp.com\/myibizascooter.com\/wp-content\/uploads\/2026\/04\/rent-scooter-ibiza-models-phone.png?w=1024&amp;ssl=1 1024w, https:\/\/i0.wp.com\/myibizascooter.com\/wp-content\/uploads\/2026\/04\/rent-scooter-ibiza-models-phone.png?resize=200%2C300&amp;ssl=1 200w, https:\/\/i0.wp.com\/myibizascooter.com\/wp-content\/uploads\/2026\/04\/rent-scooter-ibiza-models-phone.png?resize=683%2C1024&amp;ssl=1 683w, https:\/\/i0.wp.com\/myibizascooter.com\/wp-content\/uploads\/2026\/04\/rent-scooter-ibiza-models-phone.png?resize=8%2C12&amp;ssl=1 8w, https:\/\/i0.wp.com\/myibizascooter.com\/wp-content\/uploads\/2026\/04\/rent-scooter-ibiza-models-phone.png?resize=255%2C383&amp;ssl=1 255w, https:\/\/i0.wp.com\/myibizascooter.com\/wp-content\/uploads\/2026\/04\/rent-scooter-ibiza-models-phone.png?resize=510%2C765&amp;ssl=1 510w, https:\/\/i0.wp.com\/myibizascooter.com\/wp-content\/uploads\/2026\/04\/rent-scooter-ibiza-models-phone.png?resize=280%2C420&amp;ssl=1 280w, https:\/\/i0.wp.com\/myibizascooter.com\/wp-content\/uploads\/2026\/04\/rent-scooter-ibiza-models-phone.png?resize=560%2C840&amp;ssl=1 560w, https:\/\/i0.wp.com\/myibizascooter.com\/wp-content\/uploads\/2026\/04\/rent-scooter-ibiza-models-phone.png?resize=350%2C525&amp;ssl=1 350w, https:\/\/i0.wp.com\/myibizascooter.com\/wp-content\/uploads\/2026\/04\/rent-scooter-ibiza-models-phone.png?resize=700%2C1050&amp;ssl=1 700w, https:\/\/i0.wp.com\/myibizascooter.com\/wp-content\/uploads\/2026\/04\/rent-scooter-ibiza-models-phone.png?resize=398%2C597&amp;ssl=1 398w, https:\/\/i0.wp.com\/myibizascooter.com\/wp-content\/uploads\/2026\/04\/rent-scooter-ibiza-models-phone.png?resize=796%2C1194&amp;ssl=1 796w, https:\/\/i0.wp.com\/myibizascooter.com\/wp-content\/uploads\/2026\/04\/rent-scooter-ibiza-models-phone.png?resize=600%2C900&amp;ssl=1 600w\" sizes=\"(max-width: 1000px) 100vw, 1000px\" \/>\t\t\t\t\t\t\t\t\t\t\t\t\t\t\t<\/div>\n\t\t\t\t<\/div>\n\t\t\t\t<div class=\"elementor-element elementor-element-cf2a927 elementor-widget elementor-widget-heading\" data-id=\"cf2a927\" data-element_type=\"widget\" data-e-type=\"widget\" data-widget_type=\"heading.default\">\n\t\t\t\t<div class=\"elementor-widget-container\">\n\t\t\t\t\t<h2 class=\"elementor-heading-title elementor-size-default\">Rent a scooter in Ibiza with top models: Vespa Primavera 125, Piaggio Liberty 125, Piaggio Medley 125 and Piaggio Beverly 300. All included, no hidden fees and easy booking.<\/h2>\t\t\t\t<\/div>\n\t\t\t\t<\/div>\n\t\t\t\t<\/div>\n\t\t\t\t<\/div>","protected":false},"excerpt":{"rendered":"<p>Alquiler de scooters en Ibiza ciudad, la mejor manera para descubrir la isla. Contact on WhatsApp Aparcamiento f\u00e1cil \u00b7 Precio econ\u00f3mico \u00b7 Ideal para la playa \u00bfBuscas alquilar una moto en Ibiza? Nuestro servicio de alquiler de motos en Ibiza es la mejor manera de moverte por la isla de forma r\u00e1pida y sencilla. Evita&#8230;<\/p>","protected":false},"author":1,"featured_media":0,"parent":0,"menu_order":0,"comment_status":"closed","ping_status":"closed","template":"","meta":{"_acf_changed":false,"nf_dc_page":"","_angie_page":false,"om_disable_all_campaigns":false,"footnotes":""},"class_list":["post-4555","page","type-page","status-publish","hentry"],"acf":[],"jetpack_sharing_enabled":true,"_links":{"self":[{"href":"https:\/\/myibizascooter.com\/fr\/wp-json\/wp\/v2\/pages\/4555","targetHints":{"allow":["GET"]}}],"collection":[{"href":"https:\/\/myibizascooter.com\/fr\/wp-json\/wp\/v2\/pages"}],"about":[{"href":"https:\/\/myibizascooter.com\/fr\/wp-json\/wp\/v2\/types\/page"}],"author":[{"embeddable":true,"href":"https:\/\/myibizascooter.com\/fr\/wp-json\/wp\/v2\/users\/1"}],"replies":[{"embeddable":true,"href":"https:\/\/myibizascooter.com\/fr\/wp-json\/wp\/v2\/comments?post=4555"}],"version-history":[{"count":107,"href":"https:\/\/myibizascooter.com\/fr\/wp-json\/wp\/v2\/pages\/4555\/revisions"}],"predecessor-version":[{"id":4686,"href":"https:\/\/myibizascooter.com\/fr\/wp-json\/wp\/v2\/pages\/4555\/revisions\/4686"}],"wp:attachment":[{"href":"https:\/\/myibizascooter.com\/fr\/wp-json\/wp\/v2\/media?parent=4555"}],"curies":[{"name":"wp","href":"https:\/\/api.w.org\/{rel}","templated":true}]}}